{"id":1737,"date":"2025-03-13T09:45:56","date_gmt":"2025-03-13T09:45:56","guid":{"rendered":"https:\/\/tht.cymru\/cy\/?page_id=1737"},"modified":"2025-03-13T11:19:34","modified_gmt":"2025-03-13T11:19:34","slug":"gwirfoddolwr-cefnogi-cyfoedion","status":"publish","type":"page","link":"https:\/\/tht.cymru\/cy\/cefnogwch-ni\/gwirfoddolwr-cefnogi-cyfoedion\/","title":{"rendered":"Gwirfoddolwr Cefnogi Cyfoedion"},"content":{"rendered":"\t\t<div data-elementor-type=\"wp-page\" data-elementor-id=\"1737\" class=\"elementor elementor-1737\" data-elementor-post-type=\"page\">\n\t\t\t\t\t\t<section class=\"elementor-section elementor-top-section elementor-element elementor-element-85b9d84 elementor-section-boxed elementor-section-height-default elementor-section-height-default\" data-id=\"85b9d84\" data-element_type=\"section\" data-e-type=\"section\" data-settings=\"{&quot;background_background&quot;:&quot;classic&quot;}\">\n\t\t\t\t\t\t\t<div class=\"elementor-background-overlay\"><\/div>\n\t\t\t\t\t\t\t<div class=\"elementor-container elementor-column-gap-default\">\n\t\t\t\t\t<div class=\"elementor-column elementor-col-100 elementor-top-column elementor-element elementor-element-82be918\" data-id=\"82be918\" data-element_type=\"column\" data-e-type=\"column\">\n\t\t\t<div class=\"elementor-widget-wrap elementor-element-populated\">\n\t\t\t\t\t\t<div class=\"elementor-element elementor-element-ca289d9 elementor-widget elementor-widget-heading\" data-id=\"ca289d9\" data-element_type=\"widget\" data-e-type=\"widget\" data-widget_type=\"heading.default\">\n\t\t\t\t<div class=\"elementor-widget-container\">\n\t\t\t\t\t<h2 class=\"elementor-heading-title elementor-size-default\">Disgrifiad o R\u00f4l Gwirfoddolwr \n<\/h2>\t\t\t\t<\/div>\n\t\t\t\t<\/div>\n\t\t\t\t<div class=\"elementor-element elementor-element-4b39a35 elementor-widget elementor-widget-heading\" data-id=\"4b39a35\" data-element_type=\"widget\" data-e-type=\"widget\" data-widget_type=\"heading.default\">\n\t\t\t\t<div class=\"elementor-widget-container\">\n\t\t\t\t\t<h1 class=\"elementor-heading-title elementor-size-default\">Gwirfoddolwr Cefnogi Cyfoedion (Cymru) <\/h1>\t\t\t\t<\/div>\n\t\t\t\t<\/div>\n\t\t\t\t\t<\/div>\n\t\t<\/div>\n\t\t\t\t\t<\/div>\n\t\t<\/section>\n\t\t\t\t<section class=\"elementor-section elementor-top-section elementor-element elementor-element-1dc7c2b elementor-section-boxed elementor-section-height-default elementor-section-height-default\" data-id=\"1dc7c2b\" data-element_type=\"section\" data-e-type=\"section\" data-settings=\"{&quot;background_background&quot;:&quot;classic&quot;}\">\n\t\t\t\t\t\t<div class=\"elementor-container elementor-column-gap-default\">\n\t\t\t\t\t<div class=\"elementor-column elementor-col-100 elementor-top-column elementor-element elementor-element-d2cb63c column-900\" data-id=\"d2cb63c\" data-element_type=\"column\" data-e-type=\"column\">\n\t\t\t<div class=\"elementor-widget-wrap elementor-element-populated\">\n\t\t\t\t\t\t<div class=\"elementor-element elementor-element-31b3fe1 elementor-widget elementor-widget-text-editor\" data-id=\"31b3fe1\" data-element_type=\"widget\" data-e-type=\"widget\" data-widget_type=\"text-editor.default\">\n\t\t\t\t<div class=\"elementor-widget-container\">\n\t\t\t\t\t\t\t\t\t<p>Mae\u2019r Terrence Higgins Trust wedi ymrwymo i sicrhau profiad gwirfoddoli gwych i&#8217;n holl wirfoddolwyr. Gwyddom fod tegwch, amrywiaeth a chynhwysiant yn hanfodol i\u2019r gwaith a wnawn.<\/p><p>Rydym yn ymdrechu i fod yn sefydliad gwrth-hiliol, gwrth-rhywiaethol ac rydym wedi ymrwymo i gael gweithlu gyda phobl o wahanol gefndiroedd. Mae pob un ohonom yn gyfrifol am greu amgylchedd o gynhwysiant a pherthyn o fewn ein sefydliad. Mae&#8217;n rhaid i&#8217;n gwaith fod yn fewnol yn gyntaf fel y gall effeithio ar bopeth a wnawn ar gyfer yr holl gymunedau sy&#8217;n defnyddio ein gwasanaethau.<\/p><p>Rydym yn croesawu\u2019n arbennig geisiadau gan ein defnyddwyr gwasanaeth a\u2019r rhai sydd wedi elwa o\u2019n gwasanaethau. Lle mae angen Datgeliadau Troseddol, byddwn yn adolygu pob achos yn unigol ac ni fydd cofnod troseddol o reidrwydd yn rhwystr i wirfoddoli gyda ni.<\/p>\t\t\t\t\t\t\t\t<\/div>\n\t\t\t\t<\/div>\n\t\t\t\t<div class=\"elementor-element elementor-element-8cd4251 elementor-widget elementor-widget-heading\" data-id=\"8cd4251\" data-element_type=\"widget\" data-e-type=\"widget\" data-widget_type=\"heading.default\">\n\t\t\t\t<div class=\"elementor-widget-container\">\n\t\t\t\t\t<h2 class=\"elementor-heading-title elementor-size-default\">Cyflwyniad i'r r\u00f4l<\/h2>\t\t\t\t<\/div>\n\t\t\t\t<\/div>\n\t\t\t\t<div class=\"elementor-element elementor-element-86b5f16 elementor-widget elementor-widget-text-editor\" data-id=\"86b5f16\" data-element_type=\"widget\" data-e-type=\"widget\" data-widget_type=\"text-editor.default\">\n\t\t\t\t<div class=\"elementor-widget-container\">\n\t\t\t\t\t\t\t\t\t<p>Mae gwirfoddolwyr Mentor Cefnogi Cyfoedion yn darparu cefnogaeth emosiynol a chymdeithasol yn seiliedig ar brofiad byw trwy ein prosiect Cefnogi Cyfoedion Cymru. Dylai ein Mentoriaid Cymorth Cyfoedion newydd fod yn bobl sydd \u00e2 phrofiad o fyw gyda HIV a\/neu Hepatitis C (Firysau a Gludir yn y Gwaed &#8211; BBVs) er mwyn iddynt allu rhoi cyngor ar sut i reoli&#8217;r cyflyrau.<\/p><p>Bydd y Mentora Cymorth Cyfoedion yn r\u00f4l ar-lein i ddechrau, gyda chyfleoedd ar gyfer cymorth wyneb yn wyneb pan fo\u2019n briodol.<\/p>\t\t\t\t\t\t\t\t<\/div>\n\t\t\t\t<\/div>\n\t\t\t\t<div class=\"elementor-element elementor-element-f95ace8 elementor-widget elementor-widget-heading\" data-id=\"f95ace8\" data-element_type=\"widget\" data-e-type=\"widget\" data-widget_type=\"heading.default\">\n\t\t\t\t<div class=\"elementor-widget-container\">\n\t\t\t\t\t<h2 class=\"elementor-heading-title elementor-size-default\">Gweithgareddau y gallech fod yn rhan ohonynt:\n<\/h2>\t\t\t\t<\/div>\n\t\t\t\t<\/div>\n\t\t\t\t<div class=\"elementor-element elementor-element-414e798 elementor-widget elementor-widget-text-editor\" data-id=\"414e798\" data-element_type=\"widget\" data-e-type=\"widget\" data-widget_type=\"text-editor.default\">\n\t\t\t\t<div class=\"elementor-widget-container\">\n\t\t\t\t\t\t\t\t\t<ul><li>Darparu cefnogaeth un-i-un trwy Zoom\/Teams, dros y ff\u00f4n neu wyneb yn wyneb pan fo cyfyngiadau\u2019n caniat\u00e1u mewn perthynas \u00e2 byw\u2019n dda gyda Feirws a Gludir yn y Gwaed.<\/li><li>Meithrin amgylchedd croesawgar a chefnogol ar-lein ac wyneb yn wyneb.<\/li><li>Gweithio gyda staff yr Terrence Higgins Trust i ddatblygu a chyflwyno digwyddiadau mewnol a gweminarau sy&#8217;n ymgysylltiol.<\/li><li>Hwyluso sesiynau sgwrsio gr\u0175p a darparu cymorth un-i-un rheolaidd o fewn y prosiect Cefnogi Cyfoedion Cymru, mewn perthynas \u00e2 byw\u2019n dda gyda Feirws a Gludir yn y Gwaed o\u2019ch arbenigedd chi.<\/li><li>Helpu defnyddwyr i ddatblygu sgiliau newydd trwy gymorth ar-lein.<\/li><li>Cyfeirio pobl sydd \u00e2 Feirws a Gludir yn y Gwaed at wasanaethau cymorth lleol pan fyddant ar gael. <\/li><\/ul>\t\t\t\t\t\t\t\t<\/div>\n\t\t\t\t<\/div>\n\t\t\t\t<div class=\"elementor-element elementor-element-c4c1d02 elementor-widget elementor-widget-heading\" data-id=\"c4c1d02\" data-element_type=\"widget\" data-e-type=\"widget\" data-widget_type=\"heading.default\">\n\t\t\t\t<div class=\"elementor-widget-container\">\n\t\t\t\t\t<h2 class=\"elementor-heading-title elementor-size-default\">Tasgau hanfodol:<\/h2>\t\t\t\t<\/div>\n\t\t\t\t<\/div>\n\t\t\t\t<div class=\"elementor-element elementor-element-2031595 elementor-widget elementor-widget-text-editor\" data-id=\"2031595\" data-element_type=\"widget\" data-e-type=\"widget\" data-widget_type=\"text-editor.default\">\n\t\t\t\t<div class=\"elementor-widget-container\">\n\t\t\t\t\t\t\t\t\t<ul><li>Rhoi a derbyn cefnogaeth ac adborth a gallu dangos dealltwriaeth o bwysigrwydd ymrwymiad a dibynadwyedd.<\/li><li>Meddu ar ddealltwriaeth o Feirysau a Gludir yn y Gwaed (BBV), stigma sy\u2019n gysylltiedig \u00e2 BBV a\u2019r materion cymdeithasol ac emosiynol sy\u2019n effeithio ar bobl sy\u2019n byw gyda BBV.<\/li><li>Cwblhau&#8217;r holl waith papur angenrheidiol a darparu data monitro sylfaenol yn \u00f4l yr angen.<\/li><li>Ymgymryd \u00e2&#8217;r holl hyfforddiant yn \u00f4l yr angen.<\/li><li>I gofnodi oriau gwirfoddolwyr a&#8217;u rhoi i&#8217;ch rheolwr gwirfoddolwyr pan ofynnir am hynny. <\/li><\/ul>\t\t\t\t\t\t\t\t<\/div>\n\t\t\t\t<\/div>\n\t\t\t\t<div class=\"elementor-element elementor-element-cf9f21e elementor-widget elementor-widget-heading\" data-id=\"cf9f21e\" data-element_type=\"widget\" data-e-type=\"widget\" data-widget_type=\"heading.default\">\n\t\t\t\t<div class=\"elementor-widget-container\">\n\t\t\t\t\t<h2 class=\"elementor-heading-title elementor-size-default\">Manyleb person\/Sgiliau dymunol\/Profiad y gofynnir amdano:<\/h2>\t\t\t\t<\/div>\n\t\t\t\t<\/div>\n\t\t\t\t<div class=\"elementor-element elementor-element-6acceb4 elementor-widget elementor-widget-text-editor\" data-id=\"6acceb4\" data-element_type=\"widget\" data-e-type=\"widget\" data-widget_type=\"text-editor.default\">\n\t\t\t\t<div class=\"elementor-widget-container\">\n\t\t\t\t\t\t\t\t\t<ul><li><p>Meddu ar y gallu i ddarparu cefnogaeth mewn modd empathetig, anfeirniadol ac anwahaniaethol.<\/p><\/li><li><p>Dangos lefel uchel o empathi, tosturi, a dealltwriaeth wrth helpu eraill.<\/p><\/li><li><p>Dangos sgiliau cyfathrebu a gwrando gweithredol rhagorol mewn amgylchedd rhithwir.<\/p><\/li><li><p>Gallu gweithio fel rhan o d\u00eem a dysgu sgiliau newydd.<\/p><\/li><li><p>Meddu ar ddealltwriaeth glir o bwysigrwydd a&#8217;r angen am gyfrinachedd a ffiniau personol a phroffesiynol o fewn y gwasanaeth.<\/p><\/li><li><p>Y gallu i gadw cyfrinachedd.<\/p><\/li><li><p>Sgiliau cyfathrebu rhagorol.<\/p><\/li><li><p>Dangos sensitifrwydd i anghenion eraill.<\/p><\/li><li><p>Ymrwymiad i ddatblygiad personol a phroffesiynol a pharodrwydd i ddatblygu a chynnal eich gwybodaeth eich hun am HIV, Hep C a materion iechyd rhywiol.<\/p><\/li><li><p>Y gallu i roi a derbyn cefnogaeth ac adborth a gallu dangos dealltwriaeth o bwysigrwydd ymrwymiad a dibynadwyedd.<\/p><\/li><li><p>Ymrwymiad i gynrychioli yr Terrence Higgins Trust mewn modd positif ac adeiladol. <\/p><\/li><\/ul>\t\t\t\t\t\t\t\t<\/div>\n\t\t\t\t<\/div>\n\t\t\t\t<div class=\"elementor-element elementor-element-5a44cad elementor-widget elementor-widget-heading\" data-id=\"5a44cad\" data-element_type=\"widget\" data-e-type=\"widget\" data-widget_type=\"heading.default\">\n\t\t\t\t<div class=\"elementor-widget-container\">\n\t\t\t\t\t<h2 class=\"elementor-heading-title elementor-size-default\">Manteision:\n\n<\/h2>\t\t\t\t<\/div>\n\t\t\t\t<\/div>\n\t\t\t\t<div class=\"elementor-element elementor-element-75cc19b elementor-widget elementor-widget-text-editor\" data-id=\"75cc19b\" data-element_type=\"widget\" data-e-type=\"widget\" data-widget_type=\"text-editor.default\">\n\t\t\t\t<div class=\"elementor-widget-container\">\n\t\t\t\t\t\t\t\t\t<ul><li><p>Darperir hyfforddiant sefydlu llawn a hyfforddiant penodol i&#8217;r r\u00f4l.<\/p><\/li><li><p>Ad-dalu treuliau parod lle bo modd (rhaid i chi drafod gyda&#8217;r Rheolwr Gwirfoddolwyr cyn gwario).<\/p><\/li><li><p>Cefnogaeth a goruchwyliaeth.<\/p><\/li><li><p>Rhoddir geirdaon yn amodol ar bolisi&#8217;r Terrence Higgins Trust.<\/p><\/li><li><p>Cyfle i ddatblygu a diweddaru sgiliau a chael profiadau newydd.<\/p><\/li><\/ul>\t\t\t\t\t\t\t\t<\/div>\n\t\t\t\t<\/div>\n\t\t\t\t<div class=\"elementor-element elementor-element-83e6259 elementor-widget elementor-widget-text-editor\" data-id=\"83e6259\" data-element_type=\"widget\" data-e-type=\"widget\" data-widget_type=\"text-editor.default\">\n\t\t\t\t<div class=\"elementor-widget-container\">\n\t\t\t\t\t\t\t\t\t<p><strong>Ymrwymiad dymunol:<\/strong> Oriau hyblyg ond lleiafswm o 12 mis am tua 2 awr yr wythnos.<\/p><p><strong>Ardal ddaearyddol:<\/strong> Ar-lein am y tro. Cymru.<\/p><p><strong>Hyfforddiant a chefnogaeth:<\/strong> Hyfforddiant sefydlu gwirfoddolwyr ar-lein gorfodol, cwrs GDPR ar-lein, hyfforddiant diogelu a hyfforddiant ychwanegol sy&#8217;n benodol i&#8217;r r\u00f4l. Darperir cymorth gr\u0175p neu un-i-un.<\/p><p><strong>Cyfyngiadau (e.e. Oedran, Statws HIV, Hygyrchedd):<\/strong><br \/>Rhaid bod yn 18 oed neu drosodd ac yn byw gyda HIV a\/neu Hep C<br \/>. <br \/><strong>Proses ddethol:<\/strong> Rhoddir blaenoriaeth i bobl sy&#8217;n defnyddio gwasanaethau Cymorth Cyfoedion Cymru. Ffurflen Mynegi Diddordeb, Cais ar-lein trwy wefan yr Terrence Higgins Trust, Cyfweliad, geirdaon, DBS.<\/p><p><strong>A oes angen Gwiriad Cofnod Troseddol?<\/strong> Oes. <\/p>\t\t\t\t\t\t\t\t<\/div>\n\t\t\t\t<\/div>\n\t\t\t\t<div class=\"elementor-element elementor-element-7fddb59 elementor-widget elementor-widget-heading\" data-id=\"7fddb59\" data-element_type=\"widget\" data-e-type=\"widget\" data-widget_type=\"heading.default\">\n\t\t\t\t<div class=\"elementor-widget-container\">\n\t\t\t\t\t<h2 class=\"elementor-heading-title elementor-size-default\">Gweithgareddau craidd, bydd disgwyl i bob gwirfoddolwr wneud y canlynol:\n<\/h2>\t\t\t\t<\/div>\n\t\t\t\t<\/div>\n\t\t\t\t<div class=\"elementor-element elementor-element-369e964 elementor-widget elementor-widget-text-editor\" data-id=\"369e964\" data-element_type=\"widget\" data-e-type=\"widget\" data-widget_type=\"text-editor.default\">\n\t\t\t\t<div class=\"elementor-widget-container\">\n\t\t\t\t\t\t\t\t\t<ul><li><p>Hyrwyddo a chadw at Bolisi Cydraddoldeb ac Amrywiaeth a Chynhwysiant, Polisi Cyfrinachedd a Chod Ymddygiad yr Terrence Higgins Trust.<\/p><\/li><li><p>Hyrwyddo a chynnal rheoliadau, arferion ac amodau iechyd a diogelwch.<\/p><\/li><li><p>Bod yn gyfrifol am ddiogelwch adeiladau a\u2019u cynnwys ac adnoddau\u2019r elusen.<\/p><\/li><li><p>Cwblhau&#8217;r holl waith papur angenrheidiol a darparu data monitro sylfaenol yn \u00f4l yr angen.<\/p><\/li><li><p>Cymryd rhan mewn sesiynau cymorth gr\u0175p a goruchwyliaeth yn \u00f4l yr angen ar gyfer y r\u00f4l.<\/p><\/li><li><p>Mynychu cyfarfodydd, cynadleddau ac ymgymryd \u00e2 hyfforddiant fel y bo&#8217;n briodol.<\/p><\/li><\/ul>\t\t\t\t\t\t\t\t<\/div>\n\t\t\t\t<\/div>\n\t\t\t\t<div class=\"elementor-element elementor-element-ea72b5d elementor-widget elementor-widget-text-editor\" data-id=\"ea72b5d\" data-element_type=\"widget\" data-e-type=\"widget\" data-widget_type=\"text-editor.default\">\n\t\t\t\t<div class=\"elementor-widget-container\">\n\t\t\t\t\t\t\t\t\t<p><strong>Am ragor o wybodaeth cysylltwch \u00e2:<\/strong><\/p><p>Tracey Bartlett <br \/>Cydlynydd Gwirfoddolwyr Cymru<br \/>Swyddfa Gwirfoddoli Cymru<\/p><p>Rhif cyswllt: 029 20034214<br \/>Ebost: volunteering@tht.cymru<br \/>Gwefan: <a href=\"http:\/\/www.tht.org.uk\">www.tht.org.uk<\/a><\/p>\t\t\t\t\t\t\t\t<\/div>\n\t\t\t\t<\/div>\n\t\t\t\t\t<\/div>\n\t\t<\/div>\n\t\t\t\t\t<\/div>\n\t\t<\/section>\n\t\t\t\t<\/div>\n\t\t","protected":false},"excerpt":{"rendered":"<p>Disgrifiad o R\u00f4l Gwirfoddolwr Gwirfoddolwr Cefnogi Cyfoedion (Cymru) Mae\u2019r Terrence Higgins Trust wedi ymrwymo i sicrhau profiad gwirfoddoli gwych i&#8217;n holl wirfoddolwyr. Gwyddom fod tegwch, amrywiaeth a chynhwysiant yn hanfodol i\u2019r gwaith a wnawn. Rydym yn ymdrechu i fod yn sefydliad gwrth-hiliol, gwrth-rhywiaethol ac rydym wedi ymrwymo i gael gweithlu gyda phobl o wahanol gefndiroedd. [&hellip;]<\/p>\n","protected":false},"author":6,"featured_media":0,"parent":213,"menu_order":0,"comment_status":"closed","ping_status":"closed","template":"","meta":{"footnotes":""},"class_list":["post-1737","page","type-page","status-publish","hentry"],"_links":{"self":[{"href":"https:\/\/tht.cymru\/cy\/wp-json\/wp\/v2\/pages\/1737","targetHints":{"allow":["GET"]}}],"collection":[{"href":"https:\/\/tht.cymru\/cy\/wp-json\/wp\/v2\/pages"}],"about":[{"href":"https:\/\/tht.cymru\/cy\/wp-json\/wp\/v2\/types\/page"}],"author":[{"embeddable":true,"href":"https:\/\/tht.cymru\/cy\/wp-json\/wp\/v2\/users\/6"}],"replies":[{"embeddable":true,"href":"https:\/\/tht.cymru\/cy\/wp-json\/wp\/v2\/comments?post=1737"}],"version-history":[{"count":15,"href":"https:\/\/tht.cymru\/cy\/wp-json\/wp\/v2\/pages\/1737\/revisions"}],"predecessor-version":[{"id":1767,"href":"https:\/\/tht.cymru\/cy\/wp-json\/wp\/v2\/pages\/1737\/revisions\/1767"}],"up":[{"embeddable":true,"href":"https:\/\/tht.cymru\/cy\/wp-json\/wp\/v2\/pages\/213"}],"wp:attachment":[{"href":"https:\/\/tht.cymru\/cy\/wp-json\/wp\/v2\/media?parent=1737"}],"curies":[{"name":"wp","href":"https:\/\/api.w.org\/{rel}","templated":true}]}}