{"id":1775,"date":"2025-03-13T11:05:32","date_gmt":"2025-03-13T11:05:32","guid":{"rendered":"https:\/\/tht.cymru\/cy\/?page_id=1775"},"modified":"2025-03-26T11:50:50","modified_gmt":"2025-03-26T11:50:50","slug":"gwirfoddolwr-cymunedol-cymru","status":"publish","type":"page","link":"https:\/\/tht.cymru\/cy\/gwasanaethau\/gwirfoddolwr-cymunedol-cymru\/","title":{"rendered":"Gwirfoddolwr Cymunedol Cymru"},"content":{"rendered":"\t\t<div data-elementor-type=\"wp-page\" data-elementor-id=\"1775\" class=\"elementor elementor-1775\" data-elementor-post-type=\"page\">\n\t\t\t\t\t\t<section class=\"elementor-section elementor-top-section elementor-element elementor-element-85b9d84 elementor-section-boxed elementor-section-height-default elementor-section-height-default\" data-id=\"85b9d84\" data-element_type=\"section\" data-e-type=\"section\" data-settings=\"{&quot;background_background&quot;:&quot;classic&quot;}\">\n\t\t\t\t\t\t\t<div class=\"elementor-background-overlay\"><\/div>\n\t\t\t\t\t\t\t<div class=\"elementor-container elementor-column-gap-default\">\n\t\t\t\t\t<div class=\"elementor-column elementor-col-100 elementor-top-column elementor-element elementor-element-82be918\" data-id=\"82be918\" data-element_type=\"column\" data-e-type=\"column\">\n\t\t\t<div class=\"elementor-widget-wrap elementor-element-populated\">\n\t\t\t\t\t\t<div class=\"elementor-element elementor-element-ca289d9 elementor-widget elementor-widget-heading\" data-id=\"ca289d9\" data-element_type=\"widget\" data-e-type=\"widget\" data-widget_type=\"heading.default\">\n\t\t\t\t<div class=\"elementor-widget-container\">\n\t\t\t\t\t<h2 class=\"elementor-heading-title elementor-size-default\">Disgrifiad o R\u00f4l Gwirfoddolwr \n<\/h2>\t\t\t\t<\/div>\n\t\t\t\t<\/div>\n\t\t\t\t<div class=\"elementor-element elementor-element-4b39a35 elementor-widget elementor-widget-heading\" data-id=\"4b39a35\" data-element_type=\"widget\" data-e-type=\"widget\" data-widget_type=\"heading.default\">\n\t\t\t\t<div class=\"elementor-widget-container\">\n\t\t\t\t\t<h1 class=\"elementor-heading-title elementor-size-default\">Gwirfoddolwr Cymunedol Cymru<\/h1>\t\t\t\t<\/div>\n\t\t\t\t<\/div>\n\t\t\t\t\t<\/div>\n\t\t<\/div>\n\t\t\t\t\t<\/div>\n\t\t<\/section>\n\t\t\t\t<section class=\"elementor-section elementor-top-section elementor-element elementor-element-1dc7c2b elementor-section-boxed elementor-section-height-default elementor-section-height-default\" data-id=\"1dc7c2b\" data-element_type=\"section\" data-e-type=\"section\" data-settings=\"{&quot;background_background&quot;:&quot;classic&quot;}\">\n\t\t\t\t\t\t<div class=\"elementor-container elementor-column-gap-default\">\n\t\t\t\t\t<div class=\"elementor-column elementor-col-100 elementor-top-column elementor-element elementor-element-d2cb63c column-900\" data-id=\"d2cb63c\" data-element_type=\"column\" data-e-type=\"column\">\n\t\t\t<div class=\"elementor-widget-wrap elementor-element-populated\">\n\t\t\t\t\t\t<div class=\"elementor-element elementor-element-31b3fe1 elementor-widget elementor-widget-text-editor\" data-id=\"31b3fe1\" data-element_type=\"widget\" data-e-type=\"widget\" data-widget_type=\"text-editor.default\">\n\t\t\t\t<div class=\"elementor-widget-container\">\n\t\t\t\t\t\t\t\t\t<p>Mae\u2019r Terrence Higgins Trust wedi ymrwymo i sicrhau profiad gwirfoddoli gwych i&#8217;n holl wirfoddolwyr. Gwyddom fod tegwch, amrywiaeth a chynhwysiant yn hanfodol i\u2019r gwaith a wnawn.<\/p><p>Rydym yn ymdrechu i fod yn sefydliad gwrth-hiliol, gwrth-rhywiaethol ac rydym wedi ymrwymo i gael gweithlu gyda phobl o wahanol gefndiroedd. Mae pob un ohonom yn gyfrifol am greu amgylchedd o gynhwysiant a pherthyn o fewn ein sefydliad. Mae&#8217;n rhaid i&#8217;n gwaith fod yn fewnol yn gyntaf fel y gall effeithio ar bopeth a wnawn ar gyfer yr holl gymunedau sy&#8217;n defnyddio ein gwasanaethau.<\/p><p>Lle mae angen Datgeliadau Troseddol, byddwn yn adolygu pob achos yn unigol ac ni fydd cofnod troseddol o reidrwydd yn rhwystr i wirfoddoli gyda ni.<\/p>\t\t\t\t\t\t\t\t<\/div>\n\t\t\t\t<\/div>\n\t\t\t\t<div class=\"elementor-element elementor-element-8cd4251 elementor-widget elementor-widget-heading\" data-id=\"8cd4251\" data-element_type=\"widget\" data-e-type=\"widget\" data-widget_type=\"heading.default\">\n\t\t\t\t<div class=\"elementor-widget-container\">\n\t\t\t\t\t<h2 class=\"elementor-heading-title elementor-size-default\">Cyflwyniad i'r r\u00f4l<\/h2>\t\t\t\t<\/div>\n\t\t\t\t<\/div>\n\t\t\t\t<div class=\"elementor-element elementor-element-86b5f16 elementor-widget elementor-widget-text-editor\" data-id=\"86b5f16\" data-element_type=\"widget\" data-e-type=\"widget\" data-widget_type=\"text-editor.default\">\n\t\t\t\t<div class=\"elementor-widget-container\">\n\t\t\t\t\t\t\t\t\t<p>Mae ein r\u00f4l Gwirfoddolwr Cymunedol wedi&#8217;i chynllunio gyda hyblygrwydd yn greiddiol iddi. Mae hon yn r\u00f4l amrywiol gyda gwahanol gyfleoedd sy&#8217;n golygu y gallwch ganolbwyntio ar y maes gwirfoddoli sydd o&#8217;r diddordeb mwyaf i chi.<\/p><p>Rydym yn chwilio am d\u00eem o wirfoddolwyr cymunedol brwdfrydig sydd \u00e2 diddordeb mewn darparu cefnogaeth ar gyfer ystod eang o ddigwyddiadau a gweithgareddau ledled Cymru.<\/p><p>Mae digwyddiadau a gweithgareddau\u2019n cynnwys hyrwyddo iechyd, codi arian, digwyddiadau her a digwyddiadau chwaraeon eraill, digwyddiadau cymunedol mewn partneriaeth \u00e2 sefydliadau lleol eraill, digwyddiadau addysg wedi\u2019u hanelu at iechyd rhywiol da a hyrwyddo profion cynnar a chefnogi ymgyrchoedd yr Terence Higgins Trust.<\/p><p>Gallwch ddisgwyl gwirfoddoli ar amseroedd a dyddiadau sy&#8217;n gyfleus i chi. Bydd y Cydlynydd Gwirfoddolwyr yn rhoi&#8217;r wybodaeth ddiweddaraf i chi am yr holl ddigwyddiadau a gweithgareddau sydd i ddod. <\/p>\t\t\t\t\t\t\t\t<\/div>\n\t\t\t\t<\/div>\n\t\t\t\t<div class=\"elementor-element elementor-element-cf9f21e elementor-widget elementor-widget-heading\" data-id=\"cf9f21e\" data-element_type=\"widget\" data-e-type=\"widget\" data-widget_type=\"heading.default\">\n\t\t\t\t<div class=\"elementor-widget-container\">\n\t\t\t\t\t<h2 class=\"elementor-heading-title elementor-size-default\">Mae'r gweithgareddau y gallech fod yn rhan ohonynt yn cynnwys y canlynol:<\/h2>\t\t\t\t<\/div>\n\t\t\t\t<\/div>\n\t\t\t\t<div class=\"elementor-element elementor-element-6acceb4 elementor-widget elementor-widget-text-editor\" data-id=\"6acceb4\" data-element_type=\"widget\" data-e-type=\"widget\" data-widget_type=\"text-editor.default\">\n\t\t\t\t<div class=\"elementor-widget-container\">\n\t\t\t\t\t\t\t\t\t<ul><li><p>Hyrwyddo iechyd HIV (helpu i leihau stigma a chynyddu ymwybyddiaeth).<\/p><\/li><li><p>Ein helpu ni i godi arian hanfodol i&#8217;r Terrence Higgins Trust mewn digwyddiadau cymunedol trwy gydol y flwyddyn.<\/p><\/li><li><p>Ein cefnogi i sicrhau bod yr incwm o weithgareddau codi arian yn cael ei gofnodi&#8217;n gywir.<\/p><\/li><li><p>Cefnogi ein digwyddiadau her codi arian trwy farsialu, cyfarfod a chyfarch, pwyntiau codi hwyl, dosbarthu medalau a bagiau pethau da. Yn ogystal \u00e2 ffonio cyfranogwyr ein digwyddiad her i ddymuno pob lwc neu longyfarchiadau iddynt.<\/p><\/li><li><p>I&#8217;n helpu i gynyddu ein cyrhaeddiad trwy ymchwilio i grwpiau cymunedol a chwilota. Gall hyn gynnwys ymchwil ar-lein, ffonio grwpiau cymunedol, neu fynychu digwyddiadau codi ymwybyddiaeth yn eich cymuned leol.<\/p><\/li><li><p>Creu pecynnau iechyd rhywiol da i&#8217;w dosbarthu i bobl leol.<\/p><\/li><\/ul>\t\t\t\t\t\t\t\t<\/div>\n\t\t\t\t<\/div>\n\t\t\t\t<div class=\"elementor-element elementor-element-f95ace8 elementor-widget elementor-widget-heading\" data-id=\"f95ace8\" data-element_type=\"widget\" data-e-type=\"widget\" data-widget_type=\"heading.default\">\n\t\t\t\t<div class=\"elementor-widget-container\">\n\t\t\t\t\t<h2 class=\"elementor-heading-title elementor-size-default\">Manyleb person\/Sgiliau dymunol\/Profiad y gofynnir amdano:<\/h2>\t\t\t\t<\/div>\n\t\t\t\t<\/div>\n\t\t\t\t<div class=\"elementor-element elementor-element-414e798 elementor-widget elementor-widget-text-editor\" data-id=\"414e798\" data-element_type=\"widget\" data-e-type=\"widget\" data-widget_type=\"text-editor.default\">\n\t\t\t\t<div class=\"elementor-widget-container\">\n\t\t\t\t\t\t\t\t\t<ul><li><p>Prydlon, dibynadwy a dymunol.<\/p><\/li><li><p>Dealltwriaeth sylfaenol o&#8217;r materion sy&#8217;n ymwneud \u00e2 HIV, neu barodrwydd i ddysgu.<\/p><\/li><li><p>Ymrwymiad i weithio fel rhan o d\u00eem, a&#8217;r gallu i weithio ar eich menter eich hun.<\/p><\/li><li><p>Diddordeb mewn gweithgareddau cymunedol a digwyddiadau.<\/p><\/li><li><p>Ymrwymiad i gynrychioli&#8217;r Terrence Higgins Trust mewn modd positif ac adeiladol.<\/p><\/li><\/ul>\t\t\t\t\t\t\t\t<\/div>\n\t\t\t\t<\/div>\n\t\t\t\t<div class=\"elementor-element elementor-element-c4c1d02 elementor-widget elementor-widget-heading\" data-id=\"c4c1d02\" data-element_type=\"widget\" data-e-type=\"widget\" data-widget_type=\"heading.default\">\n\t\t\t\t<div class=\"elementor-widget-container\">\n\t\t\t\t\t<h2 class=\"elementor-heading-title elementor-size-default\">Manteision:\n<\/h2>\t\t\t\t<\/div>\n\t\t\t\t<\/div>\n\t\t\t\t<div class=\"elementor-element elementor-element-2031595 elementor-widget elementor-widget-text-editor\" data-id=\"2031595\" data-element_type=\"widget\" data-e-type=\"widget\" data-widget_type=\"text-editor.default\">\n\t\t\t\t<div class=\"elementor-widget-container\">\n\t\t\t\t\t\t\t\t\t<ul><li><p>Hyfforddiant r\u00f4l yn cael ei ddarparu.<\/p><\/li><li><p>Cyfle i wneud hyfforddiant atodol am waith Ymddiriedolaeth Terrence Higgins, HIV, hyfforddiant Diogelu, a Diogelu Data, lle bo&#8217;n berthnasol.<\/p><\/li><li><p>Ad-dalu treuliau (trafod lefelau gyda&#8217;r Cydlynydd Gwirfoddolwyr).<\/p><\/li><li><p>Cyfleoedd i gymryd rhan.<\/p><\/li><li><p>Cefnogaeth a goruchwyliaeth.<\/p><\/li><li><p>Geirdaon.<\/p><\/li><li><p>Cyfle i ddatblygu a diweddaru sgiliau a chael profiadau newydd.<\/p><\/li><li><p>Profiad gwych i unrhyw un sy&#8217;n gobeithio dechrau gyrfa yn y sector elusennol.<\/p><\/li><\/ul>\t\t\t\t\t\t\t\t<\/div>\n\t\t\t\t<\/div>\n\t\t\t\t<div class=\"elementor-element elementor-element-83e6259 elementor-widget elementor-widget-text-editor\" data-id=\"83e6259\" data-element_type=\"widget\" data-e-type=\"widget\" data-widget_type=\"text-editor.default\">\n\t\t\t\t<div class=\"elementor-widget-container\">\n\t\t\t\t\t\t\t\t\t<p><strong>Ardal ddaearyddol:<\/strong> Cymru (byddwn bob amser yn ceisio cynnig cyfleoedd i chi mor agos at eich cartref \u00e2 phosibl).<\/p><p><strong>Ymrwymiad:<\/strong> Gwahanol amseroedd trwy gydol y flwyddyn i gyd-fynd \u00e2&#8217;ch amserlen.<\/p><p><strong>Hyfforddiant a chefnogaeth:<\/strong> Hyfforddiant sefydlu gorfodol, Hyfforddiant r\u00f4l, Hyfforddiant GDPR. Hyfforddiant arall yn \u00f4l yr angen\/y gofynnir amdano ar gyfer y r\u00f4l.<\/p><p><strong>Cyfyngiadau (e.e. Oedran, Rhywedd, Rhywioldeb, Statws HIV, Hygyrchedd):<\/strong><br \/>Rhaid bod yn 18 oed neu drosodd.<\/p><p><strong>Proses ddethol:<\/strong> Datganiad o Ddiddordeb, Cais, Geirdaon, Cyfweliad anffurfiol, DBS.<\/p><p><strong>A oes angen Gwiriad Cofnod Troseddol?<\/strong> Oes. <\/p>\t\t\t\t\t\t\t\t<\/div>\n\t\t\t\t<\/div>\n\t\t\t\t<div class=\"elementor-element elementor-element-7fddb59 elementor-widget elementor-widget-heading\" data-id=\"7fddb59\" data-element_type=\"widget\" data-e-type=\"widget\" data-widget_type=\"heading.default\">\n\t\t\t\t<div class=\"elementor-widget-container\">\n\t\t\t\t\t<h2 class=\"elementor-heading-title elementor-size-default\">Gweithgareddau craidd, bydd disgwyl i bob gwirfoddolwr wneud y canlynol:\n\n<\/h2>\t\t\t\t<\/div>\n\t\t\t\t<\/div>\n\t\t\t\t<div class=\"elementor-element elementor-element-369e964 elementor-widget elementor-widget-text-editor\" data-id=\"369e964\" data-element_type=\"widget\" data-e-type=\"widget\" data-widget_type=\"text-editor.default\">\n\t\t\t\t<div class=\"elementor-widget-container\">\n\t\t\t\t\t\t\t\t\t<ul><li><p>Cwblhau asesiad risg unigol yn \u00f4l yr angen.<\/p><\/li><li><p>Hyrwyddo a chadw at Bolisi Cydraddoldeb ac Amrywiaeth a Chynhwysiant, Polisi Cyfrinachedd a Chod Ymddygiad yr Terrence Higgins Trust.<\/p><\/li><li><p>Hyrwyddo a chynnal rheoliadau, arferion ac amodau iechyd a diogelwch.<\/p><\/li><li><p>Ymddwyn mewn ffordd gyfrifol o ran diogelwch adeiladau a\u2019u cynnwys ac adnoddau\u2019r elusen.<\/p><\/li><li><p>Cwblhau&#8217;r holl waith papur angenrheidiol a darparu data monitro yn \u00f4l yr angen.<\/p><\/li><li><p>Cymryd rhan mewn sesiynau cymorth gr\u0175p a goruchwyliaeth yn \u00f4l yr angen ar gyfer y r\u00f4l.<\/p><\/li><li><p>Mynychu cyfarfodydd a chynadleddau a dilyn hyfforddiant fel y bo&#8217;n briodol.<\/p><\/li><li><p>Cofnodi oriau gwirfoddolwyr a&#8217;u rhoi i&#8217;r cydlynydd gwirfoddolwyr pan ofynnir am hynny.<\/p><\/li><\/ul>\t\t\t\t\t\t\t\t<\/div>\n\t\t\t\t<\/div>\n\t\t\t\t<div class=\"elementor-element elementor-element-ea72b5d elementor-widget elementor-widget-text-editor\" data-id=\"ea72b5d\" data-element_type=\"widget\" data-e-type=\"widget\" data-widget_type=\"text-editor.default\">\n\t\t\t\t<div class=\"elementor-widget-container\">\n\t\t\t\t\t\t\t\t\t<p><strong>Am ragor o wybodaeth cysylltwch \u00e2:<\/strong><\/p><p>Tracey Bartlett<br \/>Cydlynydd Gwirfoddolwyr Cymru<br \/>Swyddfa Gwirfoddoli Cymru<\/p><p>Rhif cyswllt: 029 20034214<br \/>Ebost: volunteering@tht.cymru<br \/>Gwefan: <a href=\"http:\/\/www.tht.org.uk\">www.tht.org.uk<\/a><\/p>\t\t\t\t\t\t\t\t<\/div>\n\t\t\t\t<\/div>\n\t\t\t\t\t<\/div>\n\t\t<\/div>\n\t\t\t\t\t<\/div>\n\t\t<\/section>\n\t\t\t\t<\/div>\n\t\t","protected":false},"excerpt":{"rendered":"<p>Disgrifiad o R\u00f4l Gwirfoddolwr Gwirfoddolwr Cymunedol Cymru Mae\u2019r Terrence Higgins Trust wedi ymrwymo i sicrhau profiad gwirfoddoli gwych i&#8217;n holl wirfoddolwyr. Gwyddom fod tegwch, amrywiaeth a chynhwysiant yn hanfodol i\u2019r gwaith a wnawn. Rydym yn ymdrechu i fod yn sefydliad gwrth-hiliol, gwrth-rhywiaethol ac rydym wedi ymrwymo i gael gweithlu gyda phobl o wahanol gefndiroedd. Mae [&hellip;]<\/p>\n","protected":false},"author":6,"featured_media":0,"parent":211,"menu_order":0,"comment_status":"closed","ping_status":"closed","template":"","meta":{"footnotes":""},"class_list":["post-1775","page","type-page","status-publish","hentry"],"_links":{"self":[{"href":"https:\/\/tht.cymru\/cy\/wp-json\/wp\/v2\/pages\/1775","targetHints":{"allow":["GET"]}}],"collection":[{"href":"https:\/\/tht.cymru\/cy\/wp-json\/wp\/v2\/pages"}],"about":[{"href":"https:\/\/tht.cymru\/cy\/wp-json\/wp\/v2\/types\/page"}],"author":[{"embeddable":true,"href":"https:\/\/tht.cymru\/cy\/wp-json\/wp\/v2\/users\/6"}],"replies":[{"embeddable":true,"href":"https:\/\/tht.cymru\/cy\/wp-json\/wp\/v2\/comments?post=1775"}],"version-history":[{"count":15,"href":"https:\/\/tht.cymru\/cy\/wp-json\/wp\/v2\/pages\/1775\/revisions"}],"predecessor-version":[{"id":1807,"href":"https:\/\/tht.cymru\/cy\/wp-json\/wp\/v2\/pages\/1775\/revisions\/1807"}],"up":[{"embeddable":true,"href":"https:\/\/tht.cymru\/cy\/wp-json\/wp\/v2\/pages\/211"}],"wp:attachment":[{"href":"https:\/\/tht.cymru\/cy\/wp-json\/wp\/v2\/media?parent=1775"}],"curies":[{"name":"wp","href":"https:\/\/api.w.org\/{rel}","templated":true}]}}