{"id":2099,"date":"2025-04-03T09:09:38","date_gmt":"2025-04-03T09:09:38","guid":{"rendered":"https:\/\/tht.cymru\/cy\/?page_id=2099"},"modified":"2025-11-21T10:32:42","modified_gmt":"2025-11-21T10:32:42","slug":"gweithion-ddiogel","status":"publish","type":"page","link":"https:\/\/tht.cymru\/cy\/gwasanaethau\/gweithion-ddiogel\/","title":{"rendered":"Gweithio&#8217;n ddiogel"},"content":{"rendered":"\t\t<div data-elementor-type=\"wp-page\" data-elementor-id=\"2099\" class=\"elementor elementor-2099\" data-elementor-post-type=\"page\">\n\t\t\t\t\t\t<section class=\"elementor-section elementor-top-section elementor-element elementor-element-85b9d84 elementor-section-boxed elementor-section-height-default elementor-section-height-default\" data-id=\"85b9d84\" data-element_type=\"section\" data-e-type=\"section\" data-settings=\"{&quot;background_background&quot;:&quot;classic&quot;}\">\n\t\t\t\t\t\t\t<div class=\"elementor-background-overlay\"><\/div>\n\t\t\t\t\t\t\t<div class=\"elementor-container elementor-column-gap-default\">\n\t\t\t\t\t<div class=\"elementor-column elementor-col-100 elementor-top-column elementor-element elementor-element-82be918\" data-id=\"82be918\" data-element_type=\"column\" data-e-type=\"column\">\n\t\t\t<div class=\"elementor-widget-wrap elementor-element-populated\">\n\t\t\t\t\t\t<div class=\"elementor-element elementor-element-4b39a35 elementor-widget elementor-widget-heading\" data-id=\"4b39a35\" data-element_type=\"widget\" data-e-type=\"widget\" data-widget_type=\"heading.default\">\n\t\t\t\t<div class=\"elementor-widget-container\">\n\t\t\t\t\t<h1 class=\"elementor-heading-title elementor-size-default\">Gweithio'n ddiogel<\/h1>\t\t\t\t<\/div>\n\t\t\t\t<\/div>\n\t\t\t\t\t<\/div>\n\t\t<\/div>\n\t\t\t\t\t<\/div>\n\t\t<\/section>\n\t\t\t\t<section class=\"elementor-section elementor-top-section elementor-element elementor-element-1dc7c2b elementor-section-boxed elementor-section-height-default elementor-section-height-default\" data-id=\"1dc7c2b\" data-element_type=\"section\" data-e-type=\"section\" data-settings=\"{&quot;background_background&quot;:&quot;classic&quot;}\">\n\t\t\t\t\t\t<div class=\"elementor-container elementor-column-gap-default\">\n\t\t\t\t\t<div class=\"elementor-column elementor-col-100 elementor-top-column elementor-element elementor-element-d2cb63c column-900\" data-id=\"d2cb63c\" data-element_type=\"column\" data-e-type=\"column\">\n\t\t\t<div class=\"elementor-widget-wrap elementor-element-populated\">\n\t\t\t\t\t\t<div class=\"elementor-element elementor-element-c749408 elementor-widget elementor-widget-text-editor\" data-id=\"c749408\" data-element_type=\"widget\" data-e-type=\"widget\" data-widget_type=\"text-editor.default\">\n\t\t\t\t<div class=\"elementor-widget-container\">\n\t\t\t\t\t\t\t\t\t<p>Does dim un achos o drosglwyddo HIV mewn lleoliad gofal cymdeithasol wedi bod erioed.<\/p>\t\t\t\t\t\t\t\t<\/div>\n\t\t\t\t<\/div>\n\t\t\t\t<div class=\"elementor-element elementor-element-5a53651 elementor-widget elementor-widget-video\" data-id=\"5a53651\" data-element_type=\"widget\" data-e-type=\"widget\" data-settings=\"{&quot;youtube_url&quot;:&quot;https:\\\/\\\/youtu.be\\\/vUTQn1Zr_tQ&quot;,&quot;video_type&quot;:&quot;youtube&quot;,&quot;controls&quot;:&quot;yes&quot;}\" data-widget_type=\"video.default\">\n\t\t\t\t<div class=\"elementor-widget-container\">\n\t\t\t\t\t\t\t<div class=\"elementor-wrapper elementor-open-inline\">\n\t\t\t<div class=\"elementor-video\"><\/div>\t\t<\/div>\n\t\t\t\t\t\t<\/div>\n\t\t\t\t<\/div>\n\t\t\t\t<div class=\"elementor-element elementor-element-31b3fe1 elementor-widget elementor-widget-text-editor\" data-id=\"31b3fe1\" data-element_type=\"widget\" data-e-type=\"widget\" data-widget_type=\"text-editor.default\">\n\t\t\t\t<div class=\"elementor-widget-container\">\n\t\t\t\t\t\t\t\t\t<p>Mae&#8217;r tebygolrwydd o ddod i gysylltiad ag HIV wrth ddarparu gofal i rywun sy&#8217;n byw gydag HIV yn anghyffredin iawn.<\/p><p>Trwy ddilyn rhagofalon cyffredinol ac arferion gorau rheoli heintiau safonol, cewch chi eich amddiffyn, a&#8217;r rhai rydych chi&#8217;n gofalu amdanyn nhw.<\/p><p>Fel mae&#8217;r adran ffeithiau am HIV yn ei phwysleisio, dim ond trwy rai hylifau corfforol mae HIV yn cael ei basio ymlaen &#8211; nid trwy roi neu dderbyn gofal personol.<\/p><p>Wrth ddarparu gofal a chymorth i bobl, dylid cadw at ragofalon cyffredinol a pholis\u00efau rheoli heintiau, a rhaid i reolwyr sicrhau bod hyfforddiant yn cael ei ddarparu i unrhyw un sy&#8217;n gweithio yn eu gwasanaethau.<\/p><p>Ar gyfer tasgau lle mae angen defnyddio menig, does dim angen gwisgo p\u00e2r ychwanegol.<\/p><p>Ni ddylai pobl sydd gydag HIV gael eu trin yn wahanol i bobl eraill sy&#8217;n derbyn gofal; os ydyn nhw, byddai hyn yn achos o wahaniaethu.<\/p>\t\t\t\t\t\t\t\t<\/div>\n\t\t\t\t<\/div>\n\t\t\t\t<div class=\"elementor-element elementor-element-f95ace8 elementor-widget elementor-widget-heading\" data-id=\"f95ace8\" data-element_type=\"widget\" data-e-type=\"widget\" data-widget_type=\"heading.default\">\n\t\t\t\t<div class=\"elementor-widget-container\">\n\t\t\t\t\t<h2 class=\"elementor-heading-title elementor-size-default\">Amddiffyn mewn argyfwng<\/h2>\t\t\t\t<\/div>\n\t\t\t\t<\/div>\n\t\t\t\t<div class=\"elementor-element elementor-element-e68e53c elementor-widget elementor-widget-video\" data-id=\"e68e53c\" data-element_type=\"widget\" data-e-type=\"widget\" data-settings=\"{&quot;youtube_url&quot;:&quot;https:\\\/\\\/youtu.be\\\/Yd-jEEYibZ8&quot;,&quot;video_type&quot;:&quot;youtube&quot;,&quot;controls&quot;:&quot;yes&quot;}\" data-widget_type=\"video.default\">\n\t\t\t\t<div class=\"elementor-widget-container\">\n\t\t\t\t\t\t\t<div class=\"elementor-wrapper elementor-open-inline\">\n\t\t\t<div class=\"elementor-video\"><\/div>\t\t<\/div>\n\t\t\t\t\t\t<\/div>\n\t\t\t\t<\/div>\n\t\t\t\t<div class=\"elementor-element elementor-element-86b5f16 elementor-widget elementor-widget-text-editor\" data-id=\"86b5f16\" data-element_type=\"widget\" data-e-type=\"widget\" data-widget_type=\"text-editor.default\">\n\t\t\t\t<div class=\"elementor-widget-container\">\n\t\t\t\t\t\t\t\t\t<p>Mae triniaeth PEP (proffylacsis \u00f4l-gysylltiad ar gyfer HIV) yn gallu atal haint HIV ar \u00f4l i&#8217;r feirws fynd i mewn i gorff unigolyn. Dylid ei gymryd cyn gynted \u00e2 phosibl ar \u00f4l dod i gysylltiad, ond o fewn 72 awr.<\/p><p>Dim ond dan amgylchiadau lle mae tebygolrwydd bod rhywun wedi dod i gysylltiad gydag HIV y caiff PEP ei roi i rywun, e.e. anaf gan offer miniog wrth ofalu am rywun sy&#8217;n byw gydag HIV nad yw&#8217;n cael triniaeth HIV.<\/p><p>Mae PEP ar gael o glinigau iechyd rhywiol, neu Adrannau Achosion Brys. Byddant yn cynnal asesiad i benderfynu a yw&#8217;n briodol rhoi PEP.<\/p>\t\t\t\t\t\t\t\t<\/div>\n\t\t\t\t<\/div>\n\t\t\t\t<div class=\"elementor-element elementor-element-c4c1d02 elementor-widget elementor-widget-heading\" data-id=\"c4c1d02\" data-element_type=\"widget\" data-e-type=\"widget\" data-widget_type=\"heading.default\">\n\t\t\t\t<div class=\"elementor-widget-container\">\n\t\t\t\t\t<h2 class=\"elementor-heading-title elementor-size-default\">Staff sy'n byw gydag HIV  <\/h2>\t\t\t\t<\/div>\n\t\t\t\t<\/div>\n\t\t\t\t<div class=\"elementor-element elementor-element-414e798 elementor-widget elementor-widget-text-editor\" data-id=\"414e798\" data-element_type=\"widget\" data-e-type=\"widget\" data-widget_type=\"text-editor.default\">\n\t\t\t\t<div class=\"elementor-widget-container\">\n\t\t\t\t\t\t\t\t\t<p>Does dim unrhyw reswm pam na all person sy&#8217;n byw gydag HIV weithio mewn unrhyw r\u00f4l gofal cymdeithasol.<\/p><p>Mae Deddf Cydraddoldeb 2010 yn gwneud rhai mathau o wahaniaethu yn anghyfreithlon.<\/p><p>Mae gan unrhyw un sy&#8217;n cael diagnosis o HIV yr un amddiffyniad \u00e2 phobl anabl, waeth beth fo\u2019i statws iechyd.<\/p><p>Darllenwch fwy am y Ddeddf Cydraddoldeb a&#8217;r gweithle.<\/p>\t\t\t\t\t\t\t\t<\/div>\n\t\t\t\t<\/div>\n\t\t\t\t<div class=\"elementor-element elementor-element-bfd02c9 elementor-align-center elementor-widget elementor-widget-button\" data-id=\"bfd02c9\" data-element_type=\"widget\" data-e-type=\"widget\" data-widget_type=\"button.default\">\n\t\t\t\t<div class=\"elementor-widget-container\">\n\t\t\t\t\t\t\t\t\t<div class=\"elementor-button-wrapper\">\n\t\t\t\t\t<a class=\"elementor-button elementor-button-link elementor-size-lg\" href=\"https:\/\/tht.cymru\/cy\/gwasanaethau\/gofalu-am-bobl-yn-y-gymuned-ac-mewn-cartrefi-gofal-preswyl\/\">\n\t\t\t\t\t\t<span class=\"elementor-button-content-wrapper\">\n\t\t\t\t\t\t\t\t\t<span class=\"elementor-button-text\">Parhau \u00e2'r hyfforddiant<\/span>\n\t\t\t\t\t<\/span>\n\t\t\t\t\t<\/a>\n\t\t\t\t<\/div>\n\t\t\t\t\t\t\t\t<\/div>\n\t\t\t\t<\/div>\n\t\t\t\t\t<\/div>\n\t\t<\/div>\n\t\t\t\t\t<\/div>\n\t\t<\/section>\n\t\t\t\t<\/div>\n\t\t","protected":false},"excerpt":{"rendered":"<p>Gweithio&#8217;n ddiogel Does dim un achos o drosglwyddo HIV mewn lleoliad gofal cymdeithasol wedi bod erioed. https:\/\/youtu.be\/vUTQn1Zr_tQ Mae&#8217;r tebygolrwydd o ddod i gysylltiad ag HIV wrth ddarparu gofal i rywun sy&#8217;n byw gydag HIV yn anghyffredin iawn. Trwy ddilyn rhagofalon cyffredinol ac arferion gorau rheoli heintiau safonol, cewch chi eich amddiffyn, a&#8217;r rhai rydych chi&#8217;n [&hellip;]<\/p>\n","protected":false},"author":6,"featured_media":0,"parent":211,"menu_order":0,"comment_status":"closed","ping_status":"closed","template":"","meta":{"footnotes":""},"class_list":["post-2099","page","type-page","status-publish","hentry"],"_links":{"self":[{"href":"https:\/\/tht.cymru\/cy\/wp-json\/wp\/v2\/pages\/2099","targetHints":{"allow":["GET"]}}],"collection":[{"href":"https:\/\/tht.cymru\/cy\/wp-json\/wp\/v2\/pages"}],"about":[{"href":"https:\/\/tht.cymru\/cy\/wp-json\/wp\/v2\/types\/page"}],"author":[{"embeddable":true,"href":"https:\/\/tht.cymru\/cy\/wp-json\/wp\/v2\/users\/6"}],"replies":[{"embeddable":true,"href":"https:\/\/tht.cymru\/cy\/wp-json\/wp\/v2\/comments?post=2099"}],"version-history":[{"count":24,"href":"https:\/\/tht.cymru\/cy\/wp-json\/wp\/v2\/pages\/2099\/revisions"}],"predecessor-version":[{"id":3481,"href":"https:\/\/tht.cymru\/cy\/wp-json\/wp\/v2\/pages\/2099\/revisions\/3481"}],"up":[{"embeddable":true,"href":"https:\/\/tht.cymru\/cy\/wp-json\/wp\/v2\/pages\/211"}],"wp:attachment":[{"href":"https:\/\/tht.cymru\/cy\/wp-json\/wp\/v2\/media?parent=2099"}],"curies":[{"name":"wp","href":"https:\/\/api.w.org\/{rel}","templated":true}]}}