{"id":211,"date":"2023-07-14T09:45:17","date_gmt":"2023-07-14T09:45:17","guid":{"rendered":"https:\/\/tht.cymru\/en\/?page_id=211"},"modified":"2025-08-20T16:11:22","modified_gmt":"2025-08-20T16:11:22","slug":"gwasanaethau","status":"publish","type":"page","link":"https:\/\/tht.cymru\/cy\/gwasanaethau\/","title":{"rendered":"Gwasanaethau"},"content":{"rendered":"\t\t<div data-elementor-type=\"wp-page\" data-elementor-id=\"211\" class=\"elementor elementor-211\" data-elementor-post-type=\"page\">\n\t\t\t\t\t\t<section class=\"elementor-section elementor-top-section elementor-element elementor-element-1e9a48b elementor-section-boxed elementor-section-height-default elementor-section-height-default\" data-id=\"1e9a48b\" data-element_type=\"section\" data-e-type=\"section\" data-settings=\"{&quot;background_background&quot;:&quot;classic&quot;}\">\n\t\t\t\t\t\t\t<div class=\"elementor-background-overlay\"><\/div>\n\t\t\t\t\t\t\t<div class=\"elementor-container elementor-column-gap-default\">\n\t\t\t\t\t<div class=\"elementor-column elementor-col-100 elementor-top-column elementor-element elementor-element-854a026\" data-id=\"854a026\" data-element_type=\"column\" data-e-type=\"column\">\n\t\t\t<div class=\"elementor-widget-wrap elementor-element-populated\">\n\t\t\t\t\t\t<div class=\"elementor-element elementor-element-f37466d elementor-widget elementor-widget-heading\" data-id=\"f37466d\" data-element_type=\"widget\" data-e-type=\"widget\" data-widget_type=\"heading.default\">\n\t\t\t\t<div class=\"elementor-widget-container\">\n\t\t\t\t\t<h1 class=\"elementor-heading-title elementor-size-default\">Gwasanaethau<\/h1>\t\t\t\t<\/div>\n\t\t\t\t<\/div>\n\t\t\t\t\t<\/div>\n\t\t<\/div>\n\t\t\t\t\t<\/div>\n\t\t<\/section>\n\t\t\t\t<section class=\"elementor-section elementor-top-section elementor-element elementor-element-bbed598 elementor-section-full_width elementor-section-content-middle elementor-reverse-mobile elementor-section-height-default elementor-section-height-default\" data-id=\"bbed598\" data-element_type=\"section\" data-e-type=\"section\" data-settings=\"{&quot;background_background&quot;:&quot;classic&quot;}\">\n\t\t\t\t\t\t<div class=\"elementor-container elementor-column-gap-default\">\n\t\t\t\t\t<div class=\"elementor-column elementor-col-50 elementor-top-column elementor-element elementor-element-47ae5a9\" data-id=\"47ae5a9\" data-element_type=\"column\" data-e-type=\"column\">\n\t\t\t<div class=\"elementor-widget-wrap elementor-element-populated\">\n\t\t\t\t\t\t<div class=\"elementor-element elementor-element-9ebf8ac elementor-widget elementor-widget-heading\" data-id=\"9ebf8ac\" data-element_type=\"widget\" data-e-type=\"widget\" data-widget_type=\"heading.default\">\n\t\t\t\t<div class=\"elementor-widget-container\">\n\t\t\t\t\t<h2 class=\"elementor-heading-title elementor-size-default\">Llinell Gymorth THT Direct<\/h2>\t\t\t\t<\/div>\n\t\t\t\t<\/div>\n\t\t\t\t<div class=\"elementor-element elementor-element-7bee234 elementor-widget elementor-widget-text-editor\" data-id=\"7bee234\" data-element_type=\"widget\" data-e-type=\"widget\" data-widget_type=\"text-editor.default\">\n\t\t\t\t<div class=\"elementor-widget-container\">\n\t\t\t\t\t\t\t\t\t<p>Ffoniwch THT Direct ar <span style=\"color: #ffffff;\"><a style=\"color: #ffffff;\" href=\"tel:0808 802 1221\"><span style=\"text-decoration: underline;\">0808 802 1221<\/span><\/a><\/span> am gefnogaeth, cyngor a gwybodaeth neu anfonwch e-bost atom yn <span style=\"text-decoration: underline; color: #ffffff;\"><a style=\"color: #ffffff; text-decoration: underline;\" href=\"mailto:info@tht.org.uk\">info@tht.org.uk<\/a><\/span>.<\/p><p>Rydym ar agor:<\/p><p>10am i 6pm, dydd Llun i ddydd Gwener<\/p><p>Ein rhif ff\u00f4n yw <span style=\"text-decoration: underline; color: #ffffff;\"><a style=\"color: #ffffff; text-decoration: underline;\" href=\"tel:0808 802 1221\">0808 802 1221<\/a><\/span>.<\/p><p>Mae\u2019r alwad ff\u00f4n am ddim o holl linellau tir y DU a&#8217;r rhan fwyaf o rwydweithiau symudol mawr. Ni fydd yn ymddangos ar eich bil ff\u00f4n<\/p><h3>Sut allwn ni helpu<\/h3><p>Gall ein cynghorwyr ddarparu cymorth emosiynol os ydych yn poeni am eich iechyd rhywiol neu os oes gennych bryderon am fyw gyda HIV. Gallwn eich helpu i gael mynediad at wasanaethau lleol i chi ar draws y DU, a ddarperir naill gennym ni neu gan rywun arall.<\/p><p>Os yw eich galwad yn gymhleth yna efallai y bydd angen i un o\u2019n cynghorwyr eich ffonio\u2019n \u00f4l ar \u00f4l gwneud rhywfaint o waith ymchwil. Byddwn yn dweud wrthych pryd y byddwn yn ffonio&#8217;n \u00f4l. Gallwn hefyd anfon gwybodaeth i&#8217;ch cartref i chi ei ddarllen, mewn amlen blaen.<\/p>\t\t\t\t\t\t\t\t<\/div>\n\t\t\t\t<\/div>\n\t\t\t\t\t<\/div>\n\t\t<\/div>\n\t\t\t\t<div class=\"elementor-column elementor-col-50 elementor-top-column elementor-element elementor-element-a0d0ba8\" data-id=\"a0d0ba8\" data-element_type=\"column\" data-e-type=\"column\">\n\t\t\t<div class=\"elementor-widget-wrap elementor-element-populated\">\n\t\t\t\t\t\t<div class=\"elementor-element elementor-element-7ce0c34 image-object-fit elementor-widget elementor-widget-image\" data-id=\"7ce0c34\" data-element_type=\"widget\" data-e-type=\"widget\" data-widget_type=\"image.default\">\n\t\t\t\t<div class=\"elementor-widget-container\">\n\t\t\t\t\t\t\t\t\t\t\t\t\t\t\t<img fetchpriority=\"high\" decoding=\"async\" width=\"812\" height=\"793\" src=\"https:\/\/tht.cymru\/cy\/wp-content\/uploads\/2023\/07\/using_iphone.jpg\" class=\"attachment-full size-full wp-image-600\" alt=\"\" srcset=\"https:\/\/tht.cymru\/cy\/wp-content\/uploads\/2023\/07\/using_iphone.jpg 812w, https:\/\/tht.cymru\/cy\/wp-content\/uploads\/2023\/07\/using_iphone-300x293.jpg 300w, https:\/\/tht.cymru\/cy\/wp-content\/uploads\/2023\/07\/using_iphone-768x750.jpg 768w\" sizes=\"(max-width: 812px) 100vw, 812px\" \/>\t\t\t\t\t\t\t\t\t\t\t\t\t\t\t<\/div>\n\t\t\t\t<\/div>\n\t\t\t\t\t<\/div>\n\t\t<\/div>\n\t\t\t\t\t<\/div>\n\t\t<\/section>\n\t\t\t\t<section class=\"elementor-section elementor-top-section elementor-element elementor-element-8925d89 elementor-section-full_width elementor-section-content-middle elementor-section-height-default elementor-section-height-default\" data-id=\"8925d89\" data-element_type=\"section\" data-e-type=\"section\" data-settings=\"{&quot;background_background&quot;:&quot;classic&quot;}\">\n\t\t\t\t\t\t<div class=\"elementor-container elementor-column-gap-default\">\n\t\t\t\t\t<div class=\"elementor-column elementor-col-50 elementor-top-column elementor-element elementor-element-76af97e\" data-id=\"76af97e\" data-element_type=\"column\" data-e-type=\"column\">\n\t\t\t<div class=\"elementor-widget-wrap elementor-element-populated\">\n\t\t\t\t\t\t<div class=\"elementor-element elementor-element-4ac0a36 image-object-fit elementor-widget elementor-widget-image\" data-id=\"4ac0a36\" data-element_type=\"widget\" data-e-type=\"widget\" data-widget_type=\"image.default\">\n\t\t\t\t<div class=\"elementor-widget-container\">\n\t\t\t\t\t\t\t\t\t\t\t\t\t\t\t<img decoding=\"async\" width=\"2560\" height=\"1707\" src=\"https:\/\/tht.cymru\/cy\/wp-content\/uploads\/2025\/08\/pexels-mikhail-nilov-6893950-scaled.jpg\" class=\"attachment-full size-full wp-image-2533\" alt=\"woman on a laptop\" srcset=\"https:\/\/tht.cymru\/cy\/wp-content\/uploads\/2025\/08\/pexels-mikhail-nilov-6893950-scaled.jpg 2560w, https:\/\/tht.cymru\/cy\/wp-content\/uploads\/2025\/08\/pexels-mikhail-nilov-6893950-300x200.jpg 300w, https:\/\/tht.cymru\/cy\/wp-content\/uploads\/2025\/08\/pexels-mikhail-nilov-6893950-1024x683.jpg 1024w, https:\/\/tht.cymru\/cy\/wp-content\/uploads\/2025\/08\/pexels-mikhail-nilov-6893950-768x512.jpg 768w, https:\/\/tht.cymru\/cy\/wp-content\/uploads\/2025\/08\/pexels-mikhail-nilov-6893950-1536x1024.jpg 1536w, https:\/\/tht.cymru\/cy\/wp-content\/uploads\/2025\/08\/pexels-mikhail-nilov-6893950-2048x1365.jpg 2048w\" sizes=\"(max-width: 2560px) 100vw, 2560px\" \/>\t\t\t\t\t\t\t\t\t\t\t\t\t\t\t<\/div>\n\t\t\t\t<\/div>\n\t\t\t\t\t<\/div>\n\t\t<\/div>\n\t\t\t\t<div class=\"elementor-column elementor-col-50 elementor-top-column elementor-element elementor-element-ca8441e\" data-id=\"ca8441e\" data-element_type=\"column\" data-e-type=\"column\">\n\t\t\t<div class=\"elementor-widget-wrap elementor-element-populated\">\n\t\t\t\t\t\t<div class=\"elementor-element elementor-element-368632c elementor-widget elementor-widget-heading\" data-id=\"368632c\" data-element_type=\"widget\" data-e-type=\"widget\" data-widget_type=\"heading.default\">\n\t\t\t\t<div class=\"elementor-widget-container\">\n\t\t\t\t\t<h2 class=\"elementor-heading-title elementor-size-default\">Sgwrs fyw: dydd Llun i ddydd Iau<\/h2>\t\t\t\t<\/div>\n\t\t\t\t<\/div>\n\t\t\t\t<div class=\"elementor-element elementor-element-05c910c elementor-widget elementor-widget-text-editor\" data-id=\"05c910c\" data-element_type=\"widget\" data-e-type=\"widget\" data-widget_type=\"text-editor.default\">\n\t\t\t\t<div class=\"elementor-widget-container\">\n\t\t\t\t\t\t\t\t\t<p>Rydyn ni\u2019n treialu gwasanaeth sgwrsio byw newydd i gynnig cefnogaeth i chi heb fod angen gwneud galwad ff\u00f4n.<\/p><p>Mae\u2019r sgwrs ar agor ar ddydd Llun, dydd Mawrth, dydd Mercher a dydd Iau ar yr amseroedd canlynol:<\/p><p>11am i 1pm<\/p><p>3pm i 5pm<\/p><p>Mae sgwrs fyw yn ddienw ac yn gyfrinachol. Rydyn ni\u2019n cynnig hyn ochr yn ochr \u00e2&#8217;n llinell gymorth ff\u00f4n, i ddechrau ar yr amseroedd a nodir uchod<\/p>\t\t\t\t\t\t\t\t<\/div>\n\t\t\t\t<\/div>\n\t\t\t\t<div class=\"elementor-element elementor-element-25b7ae2 elementor-widget elementor-widget-button\" data-id=\"25b7ae2\" data-element_type=\"widget\" data-e-type=\"widget\" data-widget_type=\"button.default\">\n\t\t\t\t<div class=\"elementor-widget-container\">\n\t\t\t\t\t\t\t\t\t<div class=\"elementor-button-wrapper\">\n\t\t\t\t\t<a class=\"elementor-button elementor-button-link elementor-size-lg\" href=\"#elementor-action%3Aaction%3Dpopup%3Aopen%26settings%3DeyJpZCI6IjYzNiIsInRvZ2dsZSI6ZmFsc2V9\">\n\t\t\t\t\t\t<span class=\"elementor-button-content-wrapper\">\n\t\t\t\t\t\t\t\t\t<span class=\"elementor-button-text\">Siaradwch \u00e2 rhywun<\/span>\n\t\t\t\t\t<\/span>\n\t\t\t\t\t<\/a>\n\t\t\t\t<\/div>\n\t\t\t\t\t\t\t\t<\/div>\n\t\t\t\t<\/div>\n\t\t\t\t\t<\/div>\n\t\t<\/div>\n\t\t\t\t\t<\/div>\n\t\t<\/section>\n\t\t\t\t<section class=\"elementor-section elementor-top-section elementor-element elementor-element-2a0cb1d9 elementor-section-full_width elementor-section-content-middle elementor-reverse-mobile elementor-section-height-default elementor-section-height-default\" data-id=\"2a0cb1d9\" data-element_type=\"section\" data-e-type=\"section\" data-settings=\"{&quot;background_background&quot;:&quot;classic&quot;}\">\n\t\t\t\t\t\t<div class=\"elementor-container elementor-column-gap-default\">\n\t\t\t\t\t<div class=\"elementor-column elementor-col-50 elementor-top-column elementor-element elementor-element-89c7ac4\" data-id=\"89c7ac4\" data-element_type=\"column\" data-e-type=\"column\">\n\t\t\t<div class=\"elementor-widget-wrap elementor-element-populated\">\n\t\t\t\t\t\t<div class=\"elementor-element elementor-element-2e9bb01 elementor-widget elementor-widget-heading\" data-id=\"2e9bb01\" data-element_type=\"widget\" data-e-type=\"widget\" data-widget_type=\"heading.default\">\n\t\t\t\t<div class=\"elementor-widget-container\">\n\t\t\t\t\t<h2 class=\"elementor-heading-title elementor-size-default\">Dod o hyd i\u2019r ffordd o gael rhyw hapus ac iach<\/h2>\t\t\t\t<\/div>\n\t\t\t\t<\/div>\n\t\t\t\t<div class=\"elementor-element elementor-element-3cf0b19d elementor-widget elementor-widget-text-editor\" data-id=\"3cf0b19d\" data-element_type=\"widget\" data-e-type=\"widget\" data-widget_type=\"text-editor.default\">\n\t\t\t\t<div class=\"elementor-widget-container\">\n\t\t\t\t\t\t\t\t\t<p>Mae bod yn rhywiol iach yn golygu cael yr hyder a&#8217;r sgiliau i ofyn am y rhyw sy&#8217;n gwneud i chi deimlo&#8217;n dda, mewn ffordd sy&#8217;n gydsyniol rhyngoch chi a&#8217;ch partner(iaid) rhywiol. Gall cyfathrebu \u00e2\u2019ch partner cyn ac yn ystod rhyw fod yn lletchwith weithiau, ond dyma\u2019r ffordd orau o sicrhau eich bod ill dau yn hapus ac yn gyfforddus \u00e2\u2019r hyn sy\u2019n digwydd. Cofiwch, gallwch chi newid eich meddwl unrhyw bryd a stopio.<\/p><p>Mae gwirio cyn rhyw hefyd yn amser gwych i benderfynu pa rwystrau ac amddiffyniadau yr ydych am eu defnyddio<\/p><p>Dysgwch fwy am ddod o hyd I\u2019r ffordd o gael rhyw a chaniatad <a href=\"http:\/\/tht.org.uk\/trans\">tht.org.uk\/trans<\/a><\/p>\t\t\t\t\t\t\t\t<\/div>\n\t\t\t\t<\/div>\n\t\t\t\t\t<\/div>\n\t\t<\/div>\n\t\t\t\t<div class=\"elementor-column elementor-col-50 elementor-top-column elementor-element elementor-element-11aefd19\" data-id=\"11aefd19\" data-element_type=\"column\" data-e-type=\"column\">\n\t\t\t<div class=\"elementor-widget-wrap elementor-element-populated\">\n\t\t\t\t\t\t<div class=\"elementor-element elementor-element-2f41732f image-object-fit elementor-widget elementor-widget-image\" data-id=\"2f41732f\" data-element_type=\"widget\" data-e-type=\"widget\" data-widget_type=\"image.default\">\n\t\t\t\t<div class=\"elementor-widget-container\">\n\t\t\t\t\t\t\t\t\t\t\t\t\t\t\t<img decoding=\"async\" width=\"1171\" height=\"1200\" src=\"https:\/\/tht.cymru\/cy\/wp-content\/uploads\/2023\/07\/iStock-1044813324-1171-x-1200.jpg\" class=\"attachment-full size-full wp-image-568\" alt=\"\" srcset=\"https:\/\/tht.cymru\/cy\/wp-content\/uploads\/2023\/07\/iStock-1044813324-1171-x-1200.jpg 1171w, https:\/\/tht.cymru\/cy\/wp-content\/uploads\/2023\/07\/iStock-1044813324-1171-x-1200-293x300.jpg 293w, https:\/\/tht.cymru\/cy\/wp-content\/uploads\/2023\/07\/iStock-1044813324-1171-x-1200-999x1024.jpg 999w, https:\/\/tht.cymru\/cy\/wp-content\/uploads\/2023\/07\/iStock-1044813324-1171-x-1200-768x787.jpg 768w\" sizes=\"(max-width: 1171px) 100vw, 1171px\" \/>\t\t\t\t\t\t\t\t\t\t\t\t\t\t\t<\/div>\n\t\t\t\t<\/div>\n\t\t\t\t\t<\/div>\n\t\t<\/div>\n\t\t\t\t\t<\/div>\n\t\t<\/section>\n\t\t\t\t<section class=\"elementor-section elementor-top-section elementor-element elementor-element-b8c36ee elementor-section-full_width elementor-section-content-middle elementor-section-height-default elementor-section-height-default\" data-id=\"b8c36ee\" data-element_type=\"section\" data-e-type=\"section\" data-settings=\"{&quot;background_background&quot;:&quot;classic&quot;}\">\n\t\t\t\t\t\t<div class=\"elementor-container elementor-column-gap-default\">\n\t\t\t\t\t<div class=\"elementor-column elementor-col-50 elementor-top-column elementor-element elementor-element-22f1223\" data-id=\"22f1223\" data-element_type=\"column\" data-e-type=\"column\">\n\t\t\t<div class=\"elementor-widget-wrap elementor-element-populated\">\n\t\t\t\t\t\t<div class=\"elementor-element elementor-element-0552e10 image-object-fit elementor-widget elementor-widget-image\" data-id=\"0552e10\" data-element_type=\"widget\" data-e-type=\"widget\" data-widget_type=\"image.default\">\n\t\t\t\t<div class=\"elementor-widget-container\">\n\t\t\t\t\t\t\t\t\t\t\t\t\t\t\t<img loading=\"lazy\" decoding=\"async\" width=\"8256\" height=\"5504\" src=\"https:\/\/tht.cymru\/cy\/wp-content\/uploads\/2025\/08\/iStock-1352460029-1.jpg\" class=\"attachment-full size-full wp-image-2537\" alt=\"man on a computer wearing a headset\" srcset=\"https:\/\/tht.cymru\/cy\/wp-content\/uploads\/2025\/08\/iStock-1352460029-1.jpg 8256w, https:\/\/tht.cymru\/cy\/wp-content\/uploads\/2025\/08\/iStock-1352460029-1-300x200.jpg 300w, https:\/\/tht.cymru\/cy\/wp-content\/uploads\/2025\/08\/iStock-1352460029-1-1024x683.jpg 1024w, https:\/\/tht.cymru\/cy\/wp-content\/uploads\/2025\/08\/iStock-1352460029-1-768x512.jpg 768w, https:\/\/tht.cymru\/cy\/wp-content\/uploads\/2025\/08\/iStock-1352460029-1-1536x1024.jpg 1536w\" sizes=\"(max-width: 8256px) 100vw, 8256px\" \/>\t\t\t\t\t\t\t\t\t\t\t\t\t\t\t<\/div>\n\t\t\t\t<\/div>\n\t\t\t\t\t<\/div>\n\t\t<\/div>\n\t\t\t\t<div class=\"elementor-column elementor-col-50 elementor-top-column elementor-element elementor-element-39b9ff6\" data-id=\"39b9ff6\" data-element_type=\"column\" data-e-type=\"column\">\n\t\t\t<div class=\"elementor-widget-wrap elementor-element-populated\">\n\t\t\t\t\t\t<div class=\"elementor-element elementor-element-dbd0ddf elementor-widget elementor-widget-heading\" data-id=\"dbd0ddf\" data-element_type=\"widget\" data-e-type=\"widget\" data-widget_type=\"heading.default\">\n\t\t\t\t<div class=\"elementor-widget-container\">\n\t\t\t\t\t<h2 class=\"elementor-heading-title elementor-size-default\">Cymorth gan gymheiriaid ar-lein i bobl sy'n byw gyda HIV.<\/h2>\t\t\t\t<\/div>\n\t\t\t\t<\/div>\n\t\t\t\t<div class=\"elementor-element elementor-element-55c2af5 elementor-widget elementor-widget-text-editor\" data-id=\"55c2af5\" data-element_type=\"widget\" data-e-type=\"widget\" data-widget_type=\"text-editor.default\">\n\t\t\t\t<div class=\"elementor-widget-container\">\n\t\t\t\t\t\t\t\t\t<h2>My Community<\/h2><p>Fforwm ar-lein dan arweiniad cymheiriaid ar gyfer pobl sy&#8217;n byw gyda HIV lle gall pobl sydd \u00e2 HIV sgwrsio\u2019n &#8220;fyw&#8221; trwy sgwrs gr\u0175p neu sgwrs breifat gydag aelodau neu wirfoddolwyr. <a href=\"http:\/\/tht.org.uk\/mycommunity\">tht.org.uk\/mycommunity<\/a><br \/>Mae lle penodol i bobl sy&#8217;n byw gyda HIV yng Nghymru, ac mae cymorth gan gymheiriaid ar gael yn yr iaith Gymraeg<\/p><h2>Work and Skills<\/h2><p>Cefnogi pobl sy&#8217;n byw gyda HIV sy&#8217;n ddi-waith ac sy\u2019n awyddus i ddychwelyd i&#8217;r gwaith trwy weithdai arlein, mentora arlein a chysylltiadau I wirfoddoli a chyfleoedd gwaith <a href=\"http:\/\/www.tht.org.uk\/workandskills\">www.tht.org.uk\/workandskills<\/a><\/p><h3>Before 96 Peer Support Group<\/h3><p>Gr\u0175p cymorth cyfoedion\u00a0 misol ar-lein ar gyfer unigolion sydd wedi cael diagnosis hirdymort I drafod pynciau sy\u2019n bwysig iddyn nhw. Yr ail dydd Mawrth ymhob mis 4-5.30pm trwy zoom <a href=\"http:\/\/www.tht.org.uk\/livingwell\">www.tht.org.uk\/livingwell<\/a><\/p><h3>Common Bond Peer Support Group<\/h3><p>Gr\u0175p cymorth cyfoedion misol\u00a0 ar-lein ar gyfer menywod sy&#8217;n byw gyda HIV (gan gynnwys menywod traws a phobl anneuaidd sy&#8217;n byw gyda HIV) i gwrdd ag eraill a dysgu a thyfu gyda&#8217;i gilydd. Trydydd dydd Mawrth y mis 7 \u2013 8:30pm trwy Zoom. <a href=\"http:\/\/www.tht.org.uk\/livingwell\">www.tht.org.uk\/livingwell<\/a><\/p>\t\t\t\t\t\t\t\t<\/div>\n\t\t\t\t<\/div>\n\t\t\t\t\t<\/div>\n\t\t<\/div>\n\t\t\t\t\t<\/div>\n\t\t<\/section>\n\t\t\t\t<section class=\"elementor-section elementor-top-section elementor-element elementor-element-5ce753a3 elementor-section-full_width elementor-section-content-middle elementor-reverse-mobile elementor-section-height-default elementor-section-height-default\" data-id=\"5ce753a3\" data-element_type=\"section\" data-e-type=\"section\" data-settings=\"{&quot;background_background&quot;:&quot;classic&quot;}\">\n\t\t\t\t\t\t<div class=\"elementor-container elementor-column-gap-default\">\n\t\t\t\t\t<div class=\"elementor-column elementor-col-50 elementor-top-column elementor-element elementor-element-166cb802\" data-id=\"166cb802\" data-element_type=\"column\" data-e-type=\"column\">\n\t\t\t<div class=\"elementor-widget-wrap elementor-element-populated\">\n\t\t\t\t\t\t<div class=\"elementor-element elementor-element-5091ece elementor-widget elementor-widget-heading\" data-id=\"5091ece\" data-element_type=\"widget\" data-e-type=\"widget\" data-widget_type=\"heading.default\">\n\t\t\t\t<div class=\"elementor-widget-container\">\n\t\t\t\t\t<h2 class=\"elementor-heading-title elementor-size-default\">Hyfforddiant 'Ni all basio ymlaen' ar gyfer gofal cymdeithasol<\/h2>\t\t\t\t<\/div>\n\t\t\t\t<\/div>\n\t\t\t\t<div class=\"elementor-element elementor-element-0d9b082 elementor-widget elementor-widget-text-editor\" data-id=\"0d9b082\" data-element_type=\"widget\" data-e-type=\"widget\" data-widget_type=\"text-editor.default\">\n\t\t\t\t<div class=\"elementor-widget-container\">\n\t\t\t\t\t\t\t\t\t<p>Nod ein cwrs hyfforddiant ar gyfer y sector gofal cymdeithasol yw codi ymwybyddiaeth a dealltwriaeth o HIV, sut mae\u2019n cael ei basio ymlaen a\u2019r neges \u2018Ni all basio ymlaen\u2019\/Anghanfyddadwy = Anhrosglwyddadwy (Undetectable = Untransmissible, U = U). Mae hyn yn golygu y byddwch chi\u2019n gallu darparu gofal rhagorol i bobl sy\u2019n byw gydag HIV sy\u2019n cael mynediad i\u2019ch cymorth.<\/p><p><a href=\"https:\/\/tht.cymru\/cy\/gwasanaethau\/hyfforddiant-ni-all-basio-ymlaen-ar-gyfer-gofal-cymdeithasol\/\">Mae\u2019r adnodd dysgu hunangyfeiriedig hwn ar gyfer pob gweithiwr proffesiynol<\/a> Gofal Cymdeithasol i Oedolion yn ogystal ag unrhyw un sy\u2019n gweithio gyda phobl sy\u2019n heneiddio gydag HIV.<\/p>\t\t\t\t\t\t\t\t<\/div>\n\t\t\t\t<\/div>\n\t\t\t\t\t<\/div>\n\t\t<\/div>\n\t\t\t\t<div class=\"elementor-column elementor-col-50 elementor-top-column elementor-element elementor-element-5233f620\" data-id=\"5233f620\" data-element_type=\"column\" data-e-type=\"column\">\n\t\t\t<div class=\"elementor-widget-wrap elementor-element-populated\">\n\t\t\t\t\t\t<div class=\"elementor-element elementor-element-65a632c image-object-fit elementor-widget elementor-widget-image\" data-id=\"65a632c\" data-element_type=\"widget\" data-e-type=\"widget\" data-widget_type=\"image.default\">\n\t\t\t\t<div class=\"elementor-widget-container\">\n\t\t\t\t\t\t\t\t\t\t\t\t\t\t\t<img loading=\"lazy\" decoding=\"async\" width=\"650\" height=\"750\" src=\"https:\/\/tht.cymru\/cy\/wp-content\/uploads\/2023\/07\/iStock-1066847020-Website-hero-2.jpg\" class=\"attachment-full size-full wp-image-528\" alt=\"\" srcset=\"https:\/\/tht.cymru\/cy\/wp-content\/uploads\/2023\/07\/iStock-1066847020-Website-hero-2.jpg 650w, https:\/\/tht.cymru\/cy\/wp-content\/uploads\/2023\/07\/iStock-1066847020-Website-hero-2-260x300.jpg 260w\" sizes=\"(max-width: 650px) 100vw, 650px\" \/>\t\t\t\t\t\t\t\t\t\t\t\t\t\t\t<\/div>\n\t\t\t\t<\/div>\n\t\t\t\t\t<\/div>\n\t\t<\/div>\n\t\t\t\t\t<\/div>\n\t\t<\/section>\n\t\t\t\t<\/div>\n\t\t","protected":false},"excerpt":{"rendered":"<p>Gwasanaethau Llinell Gymorth THT Direct Ffoniwch THT Direct ar 0808 802 1221 am gefnogaeth, cyngor a gwybodaeth neu anfonwch e-bost atom yn info@tht.org.uk. Rydym ar agor: 10am i 6pm, dydd Llun i ddydd Gwener Ein rhif ff\u00f4n yw 0808 802 1221. Mae\u2019r alwad ff\u00f4n am ddim o holl linellau tir y DU a&#8217;r rhan fwyaf [&hellip;]<\/p>\n","protected":false},"author":2,"featured_media":0,"parent":0,"menu_order":0,"comment_status":"closed","ping_status":"closed","template":"","meta":{"footnotes":""},"class_list":["post-211","page","type-page","status-publish","hentry"],"_links":{"self":[{"href":"https:\/\/tht.cymru\/cy\/wp-json\/wp\/v2\/pages\/211","targetHints":{"allow":["GET"]}}],"collection":[{"href":"https:\/\/tht.cymru\/cy\/wp-json\/wp\/v2\/pages"}],"about":[{"href":"https:\/\/tht.cymru\/cy\/wp-json\/wp\/v2\/types\/page"}],"author":[{"embeddable":true,"href":"https:\/\/tht.cymru\/cy\/wp-json\/wp\/v2\/users\/2"}],"replies":[{"embeddable":true,"href":"https:\/\/tht.cymru\/cy\/wp-json\/wp\/v2\/comments?post=211"}],"version-history":[{"count":101,"href":"https:\/\/tht.cymru\/cy\/wp-json\/wp\/v2\/pages\/211\/revisions"}],"predecessor-version":[{"id":2543,"href":"https:\/\/tht.cymru\/cy\/wp-json\/wp\/v2\/pages\/211\/revisions\/2543"}],"wp:attachment":[{"href":"https:\/\/tht.cymru\/cy\/wp-json\/wp\/v2\/media?parent=211"}],"curies":[{"name":"wp","href":"https:\/\/api.w.org\/{rel}","templated":true}]}}