{"id":64,"date":"2023-07-04T13:13:30","date_gmt":"2023-07-04T13:13:30","guid":{"rendered":"https:\/\/tht.cymru\/en\/?page_id=64"},"modified":"2025-02-17T09:59:38","modified_gmt":"2025-02-17T09:59:38","slug":"amdanon-ni","status":"publish","type":"page","link":"https:\/\/tht.cymru\/cy\/amdanon-ni\/","title":{"rendered":"Amdanon ni"},"content":{"rendered":"\t\t<div data-elementor-type=\"wp-page\" data-elementor-id=\"64\" class=\"elementor elementor-64\" data-elementor-post-type=\"page\">\n\t\t\t\t\t\t<section class=\"elementor-section elementor-top-section elementor-element elementor-element-85b9d84 elementor-section-boxed elementor-section-height-default elementor-section-height-default\" data-id=\"85b9d84\" data-element_type=\"section\" data-e-type=\"section\" data-settings=\"{&quot;background_background&quot;:&quot;classic&quot;}\">\n\t\t\t\t\t\t\t<div class=\"elementor-background-overlay\"><\/div>\n\t\t\t\t\t\t\t<div class=\"elementor-container elementor-column-gap-default\">\n\t\t\t\t\t<div class=\"elementor-column elementor-col-100 elementor-top-column elementor-element elementor-element-82be918\" data-id=\"82be918\" data-element_type=\"column\" data-e-type=\"column\">\n\t\t\t<div class=\"elementor-widget-wrap elementor-element-populated\">\n\t\t\t\t\t\t<div class=\"elementor-element elementor-element-4b39a35 elementor-widget elementor-widget-heading\" data-id=\"4b39a35\" data-element_type=\"widget\" data-e-type=\"widget\" data-widget_type=\"heading.default\">\n\t\t\t\t<div class=\"elementor-widget-container\">\n\t\t\t\t\t<h1 class=\"elementor-heading-title elementor-size-default\">Amdanon ni<\/h1>\t\t\t\t<\/div>\n\t\t\t\t<\/div>\n\t\t\t\t<div class=\"elementor-element elementor-element-ca289d9 elementor-widget elementor-widget-heading\" data-id=\"ca289d9\" data-element_type=\"widget\" data-e-type=\"widget\" data-widget_type=\"heading.default\">\n\t\t\t\t<div class=\"elementor-widget-container\">\n\t\t\t\t\t<h2 class=\"elementor-heading-title elementor-size-default\">Hanes Terrence Higgins Trust Cymru <\/h2>\t\t\t\t<\/div>\n\t\t\t\t<\/div>\n\t\t\t\t\t<\/div>\n\t\t<\/div>\n\t\t\t\t\t<\/div>\n\t\t<\/section>\n\t\t\t\t<section class=\"elementor-section elementor-top-section elementor-element elementor-element-5e46ce8 elementor-section-boxed elementor-section-height-default elementor-section-height-default\" data-id=\"5e46ce8\" data-element_type=\"section\" data-e-type=\"section\" data-settings=\"{&quot;background_background&quot;:&quot;classic&quot;}\">\n\t\t\t\t\t\t<div class=\"elementor-container elementor-column-gap-default\">\n\t\t\t\t\t<div class=\"elementor-column elementor-col-100 elementor-top-column elementor-element elementor-element-be4ab13 column-900\" data-id=\"be4ab13\" data-element_type=\"column\" data-e-type=\"column\">\n\t\t\t<div class=\"elementor-widget-wrap elementor-element-populated\">\n\t\t\t\t\t\t<div class=\"elementor-element elementor-element-a9b0226 elementor-widget elementor-widget-heading\" data-id=\"a9b0226\" data-element_type=\"widget\" data-e-type=\"widget\" data-widget_type=\"heading.default\">\n\t\t\t\t<div class=\"elementor-widget-container\">\n\t\t\t\t\t<h2 class=\"elementor-heading-title elementor-size-default\">Hanes<\/h2>\t\t\t\t<\/div>\n\t\t\t\t<\/div>\n\t\t\t\t<div class=\"elementor-element elementor-element-34ce868 elementor-widget elementor-widget-text-editor\" data-id=\"34ce868\" data-element_type=\"widget\" data-e-type=\"widget\" data-widget_type=\"text-editor.default\">\n\t\t\t\t<div class=\"elementor-widget-container\">\n\t\t\t\t\t\t\t\t\t<p>Mae stori HIV yn y DU ac Ewrop wedi&#8217;i gwreiddio yng Nghymru. Ganwyd Terry Higgins, ein cydenw, ar 10 Mehefin 1945 yn Ysbyty Priory Mount, Sir Benfro. Roedd yn byw gyda&#8217;i fam yn Hwlffordd a mynychodd yr ysgol ramadeg i fechgyn yn unig. Gadawodd Gymru yn y diwedd ar \u00f4l gwasanaethu yn y Llynges a byw yn Llundain. Ef oedd y person cyntaf a enwyd a fu farw o salwch yn ymwneud ag AIDS.\u00a0<\/p><p>Ffrind Terry, a g\u0175r o Gasnewydd, Martyn Butler, ochr yn ochr \u00e2 phartner Terry ar y pryd a ffrindiau eraill a sefydlodd ein sefydliad i helpu\u2019r rhai a adawyd ar \u00f4l. Martyn gododd y cyllid cyntaf ar gyfer Terrence Higgins Trust, rhoddodd ei rif ff\u00f4n cartref fel ein llinell gymorth gyntaf a siaradodd dro ar \u00f4l tro yn y wasg am golli Terry ym mis Tachwedd 1982 ac am bwnc anodd HIV.<\/p>\t\t\t\t\t\t\t\t<\/div>\n\t\t\t\t<\/div>\n\t\t\t\t\t<\/div>\n\t\t<\/div>\n\t\t\t\t\t<\/div>\n\t\t<\/section>\n\t\t\t\t<section class=\"elementor-section elementor-top-section elementor-element elementor-element-032d94c elementor-section-full_width elementor-section-content-middle elementor-section-height-default elementor-section-height-default\" data-id=\"032d94c\" data-element_type=\"section\" data-e-type=\"section\" data-settings=\"{&quot;background_background&quot;:&quot;classic&quot;}\">\n\t\t\t\t\t\t<div class=\"elementor-container elementor-column-gap-default\">\n\t\t\t\t\t<div class=\"elementor-column elementor-col-100 elementor-top-column elementor-element elementor-element-100c9c8\" data-id=\"100c9c8\" data-element_type=\"column\" data-e-type=\"column\">\n\t\t\t<div class=\"elementor-widget-wrap\">\n\t\t\t\t\t\t\t<\/div>\n\t\t<\/div>\n\t\t\t\t\t<\/div>\n\t\t<\/section>\n\t\t\t\t<\/div>\n\t\t","protected":false},"excerpt":{"rendered":"<p>Amdanon ni Hanes Terrence Higgins Trust Cymru Hanes Mae stori HIV yn y DU ac Ewrop wedi&#8217;i gwreiddio yng Nghymru. Ganwyd Terry Higgins, ein cydenw, ar 10 Mehefin 1945 yn Ysbyty Priory Mount, Sir Benfro. Roedd yn byw gyda&#8217;i fam yn Hwlffordd a mynychodd yr ysgol ramadeg i fechgyn yn unig. Gadawodd Gymru yn y [&hellip;]<\/p>\n","protected":false},"author":2,"featured_media":0,"parent":0,"menu_order":0,"comment_status":"closed","ping_status":"closed","template":"elementor_header_footer","meta":{"footnotes":""},"class_list":["post-64","page","type-page","status-publish","hentry"],"_links":{"self":[{"href":"https:\/\/tht.cymru\/cy\/wp-json\/wp\/v2\/pages\/64","targetHints":{"allow":["GET"]}}],"collection":[{"href":"https:\/\/tht.cymru\/cy\/wp-json\/wp\/v2\/pages"}],"about":[{"href":"https:\/\/tht.cymru\/cy\/wp-json\/wp\/v2\/types\/page"}],"author":[{"embeddable":true,"href":"https:\/\/tht.cymru\/cy\/wp-json\/wp\/v2\/users\/2"}],"replies":[{"embeddable":true,"href":"https:\/\/tht.cymru\/cy\/wp-json\/wp\/v2\/comments?post=64"}],"version-history":[{"count":57,"href":"https:\/\/tht.cymru\/cy\/wp-json\/wp\/v2\/pages\/64\/revisions"}],"predecessor-version":[{"id":1563,"href":"https:\/\/tht.cymru\/cy\/wp-json\/wp\/v2\/pages\/64\/revisions\/1563"}],"wp:attachment":[{"href":"https:\/\/tht.cymru\/cy\/wp-json\/wp\/v2\/media?parent=64"}],"curies":[{"name":"wp","href":"https:\/\/api.w.org\/{rel}","templated":true}]}}